{"id":10879,"date":"2024-06-02T18:06:39","date_gmt":"2024-06-03T00:06:39","guid":{"rendered":"https:\/\/fundacionmsi.org.mx\/en\/?page_id=10879"},"modified":"2024-09-15T23:38:11","modified_gmt":"2024-09-16T04:38:11","slug":"infografias","status":"publish","type":"page","link":"https:\/\/fundacionmsi.org.mx\/en\/infografias\/","title":{"rendered":"Infographics"},"content":{"rendered":"<section>\n            Fundaci\u00f3n MSI<br \/>\n        <\/section>\n<section>\n<h1><\/h1>\n<\/section>\n<section>\n<h2>Interrupci\u00f3n Legal del Embarazo<\/h2>\n<\/section>\n<h4>\n\t\t\t\t\t\t\t\tProcedimientos de Interrupci\u00f3n Legal del Embarazo\t\t\t\t\t\t\t<\/h4>\n<p>\t\t\t\t\t\t\t\t\t\t\t<a><br \/>\n\t\t\t\t\t\t\tVer infograf\u00eda\t\t\t\t\t\t<\/a><\/p>\n<h3>\n\t\t\t\t\t\t\t\tTabla de Causales\t\t\t\t\t\t\t<\/h3>\n<p>\t\t\t\t\t\t\t\t\t\t\t<a><br \/>\n\t\t\t\t\t\t\tVer infograf\u00eda\t\t\t\t\t\t<\/a><\/p>\n<h3>\n\t\t\t\t\t\t\t\tInterrupci\u00f3n Legal del Embarazo\t\t\t\t\t\t\t<\/h3>\n<p>\t\t\t\t\t\t\t\t\t\t\t<a><br \/>\n\t\t\t\t\t\t\tVer infograf\u00eda\t\t\t\t\t\t<\/a><\/p>\n<h3>\n\t\t\t\t\t\t\t\tILE\t\t\t\t\t\t\t<\/h3>\n<p>\t\t\t\t\t\t\t\t\t\t\t<a><br \/>\n\t\t\t\t\t\t\tVer infograf\u00eda\t\t\t\t\t\t<\/a><\/p>\n<h3>\n\t\t\t\t\t\t\t\tAborto Legal en M\u00e9xico\t\t\t\t\t\t\t<\/h3>\n<p>\t\t\t\t\t\t\t\t\t\t\t<a><br \/>\n\t\t\t\t\t\t\tVer infograf\u00eda\t\t\t\t\t\t<\/a><\/p>\n<h3>\n\t\t\t\t\t\t\t\tAborto Interrupci\u00f3n del Embarazo\t\t\t\t\t\t\t<\/h3>\n<p>\t\t\t\t\t\t\t\t\t\t\t<a><br \/>\n\t\t\t\t\t\t\tVer infograf\u00eda\t\t\t\t\t\t<\/a><\/p>\n<section>\n<h2>M\u00e9todos Anticonceptivos<\/h2>\n<\/section>\n<h3>\n\t\t\t\t\t\t\t\tSIU\t\t\t\t\t\t\t<\/h3>\n<p>\t\t\t\t\t\t\t\t\t\t\t<a><br \/>\n\t\t\t\t\t\t\tVer infograf\u00eda\t\t\t\t\t\t<\/a><\/p>\n<h3>\n\t\t\t\t\t\t\t\tDIU T de Plata\t\t\t\t\t\t\t<\/h3>\n<p>\t\t\t\t\t\t\t\t\t\t\t<a><br \/>\n\t\t\t\t\t\t\tVer infograf\u00eda\t\t\t\t\t\t<\/a><\/p>\n<h3>\n\t\t\t\t\t\t\t\tVasectom\u00eda\t\t\t\t\t\t\t<\/h3>\n<p>\t\t\t\t\t\t\t\t\t\t\t<a><br \/>\n\t\t\t\t\t\t\tVer infograf\u00eda\t\t\t\t\t\t<\/a><\/p>\n<h3>\n\t\t\t\t\t\t\t\tDIU Nul\u00edpara\t\t\t\t\t\t\t<\/h3>\n<p>\t\t\t\t\t\t\t\t\t\t\t<a><br \/>\n\t\t\t\t\t\t\tVer infograf\u00eda\t\t\t\t\t\t<\/a><\/p>\n<h3>\n\t\t\t\t\t\t\t\tMenores de edad y m\u00e9todos anticonceptivos\t\t\t\t\t\t\t<\/h3>\n<p>\t\t\t\t\t\t\t\t\t\t\t<a><br \/>\n\t\t\t\t\t\t\tVer infograf\u00eda\t\t\t\t\t\t<\/a><\/p>\n<h3>\n\t\t\t\t\t\t\t\tCopa menstrual, DIU y SIU\t\t\t\t\t\t\t<\/h3>\n<p>\t\t\t\t\t\t\t\t\t\t\t<a><br \/>\n\t\t\t\t\t\t\tVer infograf\u00eda\t\t\t\t\t\t<\/a><\/p>\n<h3>\n\t\t\t\t\t\t\t\tAnticoncepci\u00f3n Dual\t\t\t\t\t\t\t<\/h3>\n<p>\t\t\t\t\t\t\t\t\t\t\t<a><br \/>\n\t\t\t\t\t\t\tVer infograf\u00eda\t\t\t\t\t\t<\/a><\/p>\n<h3>\n\t\t\t\t\t\t\t\tDIU T de Cobre\t\t\t\t\t\t\t<\/h3>\n<p>\t\t\t\t\t\t\t\t\t\t\t<a><br \/>\n\t\t\t\t\t\t\tVer infograf\u00eda\t\t\t\t\t\t<\/a><\/p>\n<h3>\n\t\t\t\t\t\t\t\tVasectom\u00eda\t\t\t\t\t\t\t<\/h3>\n<p>\t\t\t\t\t\t\t\t\t\t\t<a><br \/>\n\t\t\t\t\t\t\tVer infograf\u00eda\t\t\t\t\t\t<\/a><\/p>\n<h3>\n\t\t\t\t\t\t\t\tLigadura de Trompas\t\t\t\t\t\t\t<\/h3>\n<p>\t\t\t\t\t\t\t\t\t\t\t<a><br \/>\n\t\t\t\t\t\t\tVer infograf\u00eda\t\t\t\t\t\t<\/a><\/p>\n<section>\n<h2>Infecciones de transmisi\u00f3n Sexual<\/h2>\n<\/section>\n<h3>\n\t\t\t\t\t\t\t\tInfecciones de Transmisi\u00f3n Sexual\t\t\t\t\t\t\t<\/h3>\n<p>\t\t\t\t\t\t\t\t\t\t\t<a><br \/>\n\t\t\t\t\t\t\tVer infograf\u00eda\t\t\t\t\t\t<\/a><\/p>\n<h3>\n\t\t\t\t\t\t\t\tVPH\t\t\t\t\t\t\t<\/h3>\n<p>\t\t\t\t\t\t\t\t\t\t\t<a><br \/>\n\t\t\t\t\t\t\tVer infograf\u00eda\t\t\t\t\t\t<\/a><\/p>\n<h3>\n\t\t\t\t\t\t\t\tPapanicolaou\t\t\t\t\t\t\t<\/h3>\n<p>\t\t\t\t\t\t\t\t\t\t\t<a><br \/>\n\t\t\t\t\t\t\tVer infograf\u00eda\t\t\t\t\t\t<\/a><\/p>\n<h3>\n\t\t\t\t\t\t\t\tColposcopia\t\t\t\t\t\t\t<\/h3>\n<p>\t\t\t\t\t\t\t\t\t\t\t<a><br \/>\n\t\t\t\t\t\t\tVer infograf\u00eda\t\t\t\t\t\t<\/a><\/p>\n<section>\n<h2>Salud Sexual<\/h2>\n<\/section>\n<h3>\n\t\t\t\t\t\t\t\tPH del flujo vaginal\t\t\t\t\t\t\t<\/h3>\n<p>\t\t\t\t\t\t\t\t\t\t\t<a><br \/>\n\t\t\t\t\t\t\tVer infograf\u00eda\t\t\t\t\t\t<\/a><\/p>\n<h3>\n\t\t\t\t\t\t\t\t\u00bfQu\u00e9 es la salud sexual?\t\t\t\t\t\t\t<\/h3>\n<p>\t\t\t\t\t\t\t\t\t\t\t<a><br \/>\n\t\t\t\t\t\t\tVer infograf\u00eda\t\t\t\t\t\t<\/a><\/p>\n<h3>\n\t\t\t\t\t\t\t\tSalud Sexual\t\t\t\t\t\t\t<\/h3>\n<p>\t\t\t\t\t\t\t\t\t\t\t<a><br \/>\n\t\t\t\t\t\t\tVer infograf\u00eda\t\t\t\t\t\t<\/a><\/p>\n<h3>\n\t\t\t\t\t\t\t\tLa menstruaci\u00f3n\t\t\t\t\t\t\t<\/h3>\n<p>\t\t\t\t\t\t\t\t\t\t\t<a><br \/>\n\t\t\t\t\t\t\tVer infograf\u00eda\t\t\t\t\t\t<\/a><\/p>\n<h3>\n\t\t\t\t\t\t\t\tSexo Anal\t\t\t\t\t\t\t<\/h3>\n<p>\t\t\t\t\t\t\t\t\t\t\t<a><br \/>\n\t\t\t\t\t\t\tVer infograf\u00eda\t\t\t\t\t\t<\/a><\/p>\n<h3>\n\t\t\t\t\t\t\t\tAutoexploraci\u00f3n de Seno\t\t\t\t\t\t\t<\/h3>\n<p>\t\t\t\t\t\t\t\t\t\t\t<a><br \/>\n\t\t\t\t\t\t\tVer infograf\u00eda\t\t\t\t\t\t<\/a><\/p>\n<section>\n<h2>Labor Social<\/h2>\n<\/section>\n<h3>\n\t\t\t\t\t\t\t\tPrograma Parteras\t\t\t\t\t\t\t<\/h3>\n<p>\t\t\t\t\t\t\t\t\t\t\t<a><br \/>\n\t\t\t\t\t\t\tVer infograf\u00eda\t\t\t\t\t\t<\/a><\/p>\n<h3>\n\t\t\t\t\t\t\t\tPrograma Parteras\t\t\t\t\t\t\t<\/h3>\n<p>\t\t\t\t\t\t\t\t\t\t\t<a><br \/>\n\t\t\t\t\t\t\tVer infograf\u00eda\t\t\t\t\t\t<\/a><\/p>\n<section>\n<h2>Prevenci\u00f3n de Violencia<\/h2>\n<\/section>\n<h3>\n\t\t\t\t\t\t\t\t\u00bfQu\u00e9 es la responsabilidad afectiva?\t\t\t\t\t\t\t<\/h3>\n<p>\t\t\t\t\t\t\t\t\t\t\t<a><br \/>\n\t\t\t\t\t\t\tVer infograf\u00eda\t\t\t\t\t\t<\/a><\/p>\n<h3>\n\t\t\t\t\t\t\t\t\u00bfQu\u00e9 es el amor rom\u00e1ntico?\t\t\t\t\t\t\t<\/h3>\n<p>\t\t\t\t\t\t\t\t\t\t\t<a><br \/>\n\t\t\t\t\t\t\tVer infograf\u00eda\t\t\t\t\t\t<\/a><\/p>\n<h3>\n\t\t\t\t\t\t\t\tViolencia de G\u00e9nero\t\t\t\t\t\t\t<\/h3>\n<p>\t\t\t\t\t\t\t\t\t\t\t<a><br \/>\n\t\t\t\t\t\t\tVer infograf\u00eda\t\t\t\t\t\t<\/a><\/p>\n","protected":false},"excerpt":{"rendered":"<p>Fundaci\u00f3n MSI Interrupci\u00f3n Legal del Embarazo Procedimientos de Interrupci\u00f3n Legal del Embarazo Ver infograf\u00eda Tabla de Causales Ver infograf\u00eda Interrupci\u00f3n Legal del Embarazo Ver infograf\u00eda ILE Ver infograf\u00eda Aborto Legal en M\u00e9xico Ver infograf\u00eda Aborto Interrupci\u00f3n del Embarazo Ver infograf\u00eda M\u00e9todos Anticonceptivos SIU Ver infograf\u00eda DIU T de Plata Ver infograf\u00eda Vasectom\u00eda Ver infograf\u00eda DIU [&hellip;]<\/p>\n","protected":false},"author":2,"featured_media":0,"parent":0,"menu_order":0,"comment_status":"closed","ping_status":"closed","template":"","meta":{"footnotes":""},"class_list":["post-10879","page","type-page","status-publish","hentry"],"yoast_head":"<!-- This site is optimized with the Yoast SEO Premium plugin v23.0 (Yoast SEO v23.3) - https:\/\/yoast.com\/wordpress\/plugins\/seo\/ -->\n<title>Infographics - Fundaci\u00f3n MSI<\/title>\n<meta name=\"robots\" content=\"index, follow, max-snippet:-1, max-image-preview:large, max-video-preview:-1\" \/>\n<link rel=\"canonical\" href=\"https:\/\/fundacionmsi.org.mx\/en\/infografias\/\" \/>\n<meta property=\"og:locale\" content=\"es_MX\" \/>\n<meta property=\"og:type\" content=\"article\" \/>\n<meta property=\"og:title\" content=\"Infographics\" \/>\n<meta property=\"og:description\" content=\"Fundaci\u00f3n MSI Interrupci\u00f3n Legal del Embarazo Procedimientos de Interrupci\u00f3n Legal del Embarazo Ver infograf\u00eda Tabla de Causales Ver infograf\u00eda Interrupci\u00f3n Legal del Embarazo Ver infograf\u00eda ILE Ver infograf\u00eda Aborto Legal en M\u00e9xico Ver infograf\u00eda Aborto Interrupci\u00f3n del Embarazo Ver infograf\u00eda M\u00e9todos Anticonceptivos SIU Ver infograf\u00eda DIU T de Plata Ver infograf\u00eda Vasectom\u00eda Ver infograf\u00eda DIU [&hellip;]\" \/>\n<meta property=\"og:url\" content=\"https:\/\/fundacionmsi.org.mx\/en\/infografias\/\" \/>\n<meta property=\"og:site_name\" content=\"Fundaci\u00f3n MSI\" \/>\n<meta property=\"article:modified_time\" content=\"2024-09-16T04:38:11+00:00\" \/>\n<meta name=\"twitter:card\" content=\"summary_large_image\" \/>\n<meta name=\"twitter:label1\" content=\"Tiempo de lectura\" \/>\n\t<meta name=\"twitter:data1\" content=\"1 minuto\" \/>\n<script type=\"application\/ld+json\" class=\"yoast-schema-graph\">{\"@context\":\"https:\/\/schema.org\",\"@graph\":[{\"@type\":\"WebPage\",\"@id\":\"https:\/\/fundacionmsi.org.mx\/en\/infografias\/\",\"url\":\"https:\/\/fundacionmsi.org.mx\/en\/infografias\/\",\"name\":\"Infographics - Fundaci\u00f3n MSI\",\"isPartOf\":{\"@id\":\"https:\/\/fundacionmsi.org.mx\/en\/#website\"},\"datePublished\":\"2024-06-03T00:06:39+00:00\",\"dateModified\":\"2024-09-16T04:38:11+00:00\",\"breadcrumb\":{\"@id\":\"https:\/\/fundacionmsi.org.mx\/en\/infografias\/#breadcrumb\"},\"inLanguage\":\"es\",\"potentialAction\":[{\"@type\":\"ReadAction\",\"target\":[\"https:\/\/fundacionmsi.org.mx\/en\/infografias\/\"]}]},{\"@type\":\"BreadcrumbList\",\"@id\":\"https:\/\/fundacionmsi.org.mx\/en\/infografias\/#breadcrumb\",\"itemListElement\":[{\"@type\":\"ListItem\",\"position\":1,\"name\":\"Inicio\",\"item\":\"https:\/\/fundacionmsi.org.mx\/en\/\"},{\"@type\":\"ListItem\",\"position\":2,\"name\":\"Infographics\"}]},{\"@type\":\"WebSite\",\"@id\":\"https:\/\/fundacionmsi.org.mx\/en\/#website\",\"url\":\"https:\/\/fundacionmsi.org.mx\/en\/\",\"name\":\"Fundaci\u00f3n MSI\",\"description\":\"Interrupci\u00f3n legal del embarazo\",\"publisher\":{\"@id\":\"https:\/\/fundacionmsi.org.mx\/en\/#organization\"},\"potentialAction\":[{\"@type\":\"SearchAction\",\"target\":{\"@type\":\"EntryPoint\",\"urlTemplate\":\"https:\/\/fundacionmsi.org.mx\/en\/?s={search_term_string}\"},\"query-input\":\"required name=search_term_string\"}],\"inLanguage\":\"es\"},{\"@type\":\"Organization\",\"@id\":\"https:\/\/fundacionmsi.org.mx\/en\/#organization\",\"name\":\"Fundaci\u00f3n MSI\",\"url\":\"https:\/\/fundacionmsi.org.mx\/en\/\",\"logo\":{\"@type\":\"ImageObject\",\"inLanguage\":\"es\",\"@id\":\"https:\/\/fundacionmsi.org.mx\/en\/#\/schema\/logo\/image\/\",\"url\":\"https:\/\/fundacionmsi.org.mx\/en\/wp-content\/uploads\/2024\/07\/Fundacion-MSI-25-anios_Imagotype-Color.png\",\"contentUrl\":\"https:\/\/fundacionmsi.org.mx\/en\/wp-content\/uploads\/2024\/07\/Fundacion-MSI-25-anios_Imagotype-Color.png\",\"width\":280,\"height\":112,\"caption\":\"Fundaci\u00f3n MSI\"},\"image\":{\"@id\":\"https:\/\/fundacionmsi.org.mx\/en\/#\/schema\/logo\/image\/\"}}]}<\/script>\n<!-- \/ Yoast SEO Premium plugin. -->","yoast_head_json":{"title":"Infographics - Fundaci\u00f3n MSI","robots":{"index":"index","follow":"follow","max-snippet":"max-snippet:-1","max-image-preview":"max-image-preview:large","max-video-preview":"max-video-preview:-1"},"canonical":"https:\/\/fundacionmsi.org.mx\/en\/infografias\/","og_locale":"es_MX","og_type":"article","og_title":"Infographics","og_description":"Fundaci\u00f3n MSI Interrupci\u00f3n Legal del Embarazo Procedimientos de Interrupci\u00f3n Legal del Embarazo Ver infograf\u00eda Tabla de Causales Ver infograf\u00eda Interrupci\u00f3n Legal del Embarazo Ver infograf\u00eda ILE Ver infograf\u00eda Aborto Legal en M\u00e9xico Ver infograf\u00eda Aborto Interrupci\u00f3n del Embarazo Ver infograf\u00eda M\u00e9todos Anticonceptivos SIU Ver infograf\u00eda DIU T de Plata Ver infograf\u00eda Vasectom\u00eda Ver infograf\u00eda DIU [&hellip;]","og_url":"https:\/\/fundacionmsi.org.mx\/en\/infografias\/","og_site_name":"Fundaci\u00f3n MSI","article_modified_time":"2024-09-16T04:38:11+00:00","twitter_card":"summary_large_image","twitter_misc":{"Tiempo de lectura":"1 minuto"},"schema":{"@context":"https:\/\/schema.org","@graph":[{"@type":"WebPage","@id":"https:\/\/fundacionmsi.org.mx\/en\/infografias\/","url":"https:\/\/fundacionmsi.org.mx\/en\/infografias\/","name":"Infographics - Fundaci\u00f3n MSI","isPartOf":{"@id":"https:\/\/fundacionmsi.org.mx\/en\/#website"},"datePublished":"2024-06-03T00:06:39+00:00","dateModified":"2024-09-16T04:38:11+00:00","breadcrumb":{"@id":"https:\/\/fundacionmsi.org.mx\/en\/infografias\/#breadcrumb"},"inLanguage":"es","potentialAction":[{"@type":"ReadAction","target":["https:\/\/fundacionmsi.org.mx\/en\/infografias\/"]}]},{"@type":"BreadcrumbList","@id":"https:\/\/fundacionmsi.org.mx\/en\/infografias\/#breadcrumb","itemListElement":[{"@type":"ListItem","position":1,"name":"Inicio","item":"https:\/\/fundacionmsi.org.mx\/en\/"},{"@type":"ListItem","position":2,"name":"Infographics"}]},{"@type":"WebSite","@id":"https:\/\/fundacionmsi.org.mx\/en\/#website","url":"https:\/\/fundacionmsi.org.mx\/en\/","name":"Fundaci\u00f3n MSI","description":"Interrupci\u00f3n legal del embarazo","publisher":{"@id":"https:\/\/fundacionmsi.org.mx\/en\/#organization"},"potentialAction":[{"@type":"SearchAction","target":{"@type":"EntryPoint","urlTemplate":"https:\/\/fundacionmsi.org.mx\/en\/?s={search_term_string}"},"query-input":"required name=search_term_string"}],"inLanguage":"es"},{"@type":"Organization","@id":"https:\/\/fundacionmsi.org.mx\/en\/#organization","name":"Fundaci\u00f3n MSI","url":"https:\/\/fundacionmsi.org.mx\/en\/","logo":{"@type":"ImageObject","inLanguage":"es","@id":"https:\/\/fundacionmsi.org.mx\/en\/#\/schema\/logo\/image\/","url":"https:\/\/fundacionmsi.org.mx\/en\/wp-content\/uploads\/2024\/07\/Fundacion-MSI-25-anios_Imagotype-Color.png","contentUrl":"https:\/\/fundacionmsi.org.mx\/en\/wp-content\/uploads\/2024\/07\/Fundacion-MSI-25-anios_Imagotype-Color.png","width":280,"height":112,"caption":"Fundaci\u00f3n MSI"},"image":{"@id":"https:\/\/fundacionmsi.org.mx\/en\/#\/schema\/logo\/image\/"}}]}},"_links":{"self":[{"href":"https:\/\/fundacionmsi.org.mx\/en\/wp-json\/wp\/v2\/pages\/10879","targetHints":{"allow":["GET"]}}],"collection":[{"href":"https:\/\/fundacionmsi.org.mx\/en\/wp-json\/wp\/v2\/pages"}],"about":[{"href":"https:\/\/fundacionmsi.org.mx\/en\/wp-json\/wp\/v2\/types\/page"}],"author":[{"embeddable":true,"href":"https:\/\/fundacionmsi.org.mx\/en\/wp-json\/wp\/v2\/users\/2"}],"replies":[{"embeddable":true,"href":"https:\/\/fundacionmsi.org.mx\/en\/wp-json\/wp\/v2\/comments?post=10879"}],"version-history":[{"count":14,"href":"https:\/\/fundacionmsi.org.mx\/en\/wp-json\/wp\/v2\/pages\/10879\/revisions"}],"predecessor-version":[{"id":24992,"href":"https:\/\/fundacionmsi.org.mx\/en\/wp-json\/wp\/v2\/pages\/10879\/revisions\/24992"}],"wp:attachment":[{"href":"https:\/\/fundacionmsi.org.mx\/en\/wp-json\/wp\/v2\/media?parent=10879"}],"curies":[{"name":"wp","href":"https:\/\/api.w.org\/{rel}","templated":true}]}}